{"id":2,"date":"2016-05-10T03:48:21","date_gmt":"2016-05-10T03:48:21","guid":{"rendered":"http:\/\/garss.com.br\/?page_id=2"},"modified":"2020-04-19T02:25:54","modified_gmt":"2020-04-19T02:25:54","slug":"sample-page","status":"publish","type":"page","link":"https:\/\/garss.com.br\/?page_id=2","title":{"rendered":"Sobre N\u00f3s"},"content":{"rendered":"<h2 style=\"text-align: left;\"><strong>\u00a0\u00a0A GARSS<span style=\"color: #000000;\"> Representa\u00e7\u00e3o e Controle de Processos Ltda \u00e9 uma empresa familiar e sua estrutura\u00e7\u00e3o est\u00e1 atrelada a necessidade em manter a presta\u00e7\u00e3o de servi\u00e7os anteriormente ofertadas pela extinta Mahlo do Brasil.\u00a0<\/span><\/strong><\/h2>\n<p>\u00a0<\/p>\n<h2><strong><span style=\"color: #000000;\">\u00a0 Samuel da Silva Almeida esteve a frente em todo o ciclo da Mahlo do Brasil, coordenando e gerenciando com extremo profissionalismo, todos os servi\u00e7os t\u00e9cnicos demandados pelos clientes, cobrindo pa\u00edses da Am\u00e9rica do Sul e Am\u00e9rica Central.<\/span><\/strong><\/h2>\n<p>\u00a0<\/p>\n<h2><strong><span style=\"color: #000000;\">\u00a0 A cita\u00e7\u00e3o sobre a compet\u00eancia n\u00e3o \u00e9 mero enaltecimento e s\u00e3o firmadas pela atual situa\u00e7\u00e3o e surgimento da GARSS. Durante o encerramento das atividades na Mahlo do Brasil, verificou-se que os clientes seriam negativamente impactados na aus\u00eancia de um prestador que estivesse familiarizado e pr\u00f3ximo a suas opera\u00e7\u00f5es, ent\u00e3o, Samuel estruturou a GARSS para dar continuidade nestes servi\u00e7os, representando oficialmente a Mahlo GmbH em servi\u00e7os t\u00e9cnicos e comercializa\u00e7\u00e3o de pe\u00e7as.<\/span><\/strong><\/h2>\n\n\n<p><\/p>\n","protected":false},"excerpt":{"rendered":"<p>\u00a0\u00a0A GARSS Representa\u00e7\u00e3o e Controle de Processos Ltda \u00e9 uma empresa familiar e sua estrutura\u00e7\u00e3o est\u00e1 atrelada a necessidade em manter a presta\u00e7\u00e3o de servi\u00e7os anteriormente ofertadas pela extinta Mahlo do Brasil.\u00a0 \u00a0 \u00a0 Samuel da Silva Almeida esteve a&hellip;&nbsp;<a href=\"https:\/\/garss.com.br\/?page_id=2\" class=\"more-link\"><\/a><\/p>\n","protected":false},"author":1,"featured_media":0,"parent":0,"menu_order":0,"comment_status":"closed","ping_status":"open","template":"","meta":{"footnotes":""},"class_list":["post-2","page","type-page","status-publish","hentry"],"_links":{"self":[{"href":"https:\/\/garss.com.br\/index.php?rest_route=\/wp\/v2\/pages\/2","targetHints":{"allow":["GET"]}}],"collection":[{"href":"https:\/\/garss.com.br\/index.php?rest_route=\/wp\/v2\/pages"}],"about":[{"href":"https:\/\/garss.com.br\/index.php?rest_route=\/wp\/v2\/types\/page"}],"author":[{"embeddable":true,"href":"https:\/\/garss.com.br\/index.php?rest_route=\/wp\/v2\/users\/1"}],"replies":[{"embeddable":true,"href":"https:\/\/garss.com.br\/index.php?rest_route=%2Fwp%2Fv2%2Fcomments&post=2"}],"version-history":[{"count":11,"href":"https:\/\/garss.com.br\/index.php?rest_route=\/wp\/v2\/pages\/2\/revisions"}],"predecessor-version":[{"id":176,"href":"https:\/\/garss.com.br\/index.php?rest_route=\/wp\/v2\/pages\/2\/revisions\/176"}],"wp:attachment":[{"href":"https:\/\/garss.com.br\/index.php?rest_route=%2Fwp%2Fv2%2Fmedia&parent=2"}],"curies":[{"name":"wp","href":"https:\/\/api.w.org\/{rel}","templated":true}]}}