{"id":14,"date":"2020-02-28T15:35:50","date_gmt":"2020-02-28T15:35:50","guid":{"rendered":"http:\/\/www.garss.com.br\/?page_id=14"},"modified":"2022-09-04T22:59:42","modified_gmt":"2022-09-04T22:59:42","slug":"clientes","status":"publish","type":"page","link":"https:\/\/garss.com.br\/?page_id=14","title":{"rendered":"Clientes"},"content":{"rendered":"\n<h2 class=\"has-text-align-center wp-block-heading\"><strong>T\u00eaxteis, NonWoven, Recobrimento, Pap\u00e9is, Laminados e Filme<\/strong>s Pl\u00e1sticos<\/h2>\n\n\n\n<div class=\"wp-block-group\"><div class=\"wp-block-group__inner-container is-layout-flow wp-block-group-is-layout-flow\">\n<div class=\"wp-block-group\"><div class=\"wp-block-group__inner-container is-layout-flow wp-block-group-is-layout-flow\">\n<figure class=\"wp-block-gallery aligncenter has-nested-images columns-4 wp-block-gallery-1 is-layout-flex wp-block-gallery-is-layout-flex\">\n<figure class=\"wp-block-image size-large\"><img loading=\"lazy\" decoding=\"async\" width=\"122\" height=\"109\" data-id=\"130\" src=\"https:\/\/garss.com.br\/wp-content\/uploads\/2020\/03\/cedro.png\" alt=\"\" class=\"wp-image-130\"\/><\/figure>\n\n\n\n<figure class=\"wp-block-image size-large\"><img loading=\"lazy\" decoding=\"async\" width=\"97\" height=\"107\" data-id=\"128\" src=\"https:\/\/garss.com.br\/wp-content\/uploads\/2020\/03\/cambos.png\" alt=\"\" class=\"wp-image-128\"\/><\/figure>\n\n\n\n<figure class=\"wp-block-image size-large\"><img loading=\"lazy\" decoding=\"async\" width=\"118\" height=\"122\" data-id=\"129\" src=\"https:\/\/garss.com.br\/wp-content\/uploads\/2020\/03\/capriconio.png\" alt=\"\" class=\"wp-image-129\"\/><\/figure>\n\n\n\n<figure class=\"wp-block-image size-large\"><img loading=\"lazy\" decoding=\"async\" width=\"399\" height=\"398\" data-id=\"269\" src=\"https:\/\/garss.com.br\/wp-content\/uploads\/2020\/04\/Canatiba.png\" alt=\"\" class=\"wp-image-269\" srcset=\"https:\/\/garss.com.br\/wp-content\/uploads\/2020\/04\/Canatiba.png 399w, https:\/\/garss.com.br\/wp-content\/uploads\/2020\/04\/Canatiba-300x300.png 300w, https:\/\/garss.com.br\/wp-content\/uploads\/2020\/04\/Canatiba-150x150.png 150w, https:\/\/garss.com.br\/wp-content\/uploads\/2020\/04\/Canatiba-271x270.png 271w\" sizes=\"auto, (max-width: 399px) 100vw, 399px\" \/><\/figure>\n\n\n\n<figure class=\"wp-block-image size-large\"><img loading=\"lazy\" decoding=\"async\" width=\"274\" height=\"86\" data-id=\"118\" src=\"https:\/\/garss.com.br\/wp-content\/uploads\/2020\/03\/Paranatex.png\" alt=\"\" class=\"wp-image-118\"\/><\/figure>\n\n\n\n<figure class=\"wp-block-image size-large\"><img loading=\"lazy\" decoding=\"async\" width=\"346\" height=\"104\" data-id=\"147\" src=\"https:\/\/garss.com.br\/wp-content\/uploads\/2020\/03\/Paraguacu.png\" alt=\"\" class=\"wp-image-147\" srcset=\"https:\/\/garss.com.br\/wp-content\/uploads\/2020\/03\/Paraguacu.png 346w, https:\/\/garss.com.br\/wp-content\/uploads\/2020\/03\/Paraguacu-300x90.png 300w\" sizes=\"auto, (max-width: 346px) 100vw, 346px\" \/><\/figure>\n\n\n\n<figure class=\"wp-block-image size-large\"><img loading=\"lazy\" decoding=\"async\" width=\"245\" height=\"165\" data-id=\"260\" src=\"https:\/\/garss.com.br\/wp-content\/uploads\/2020\/04\/PERIPAN.png\" alt=\"\" class=\"wp-image-260\"\/><\/figure>\n\n\n\n<figure class=\"wp-block-image size-large\"><img loading=\"lazy\" decoding=\"async\" width=\"247\" height=\"116\" data-id=\"271\" src=\"https:\/\/garss.com.br\/wp-content\/uploads\/2020\/04\/Tear-T\u00eaxtil.png\" alt=\"\" class=\"wp-image-271\"\/><\/figure>\n\n\n\n<figure class=\"wp-block-image size-large\"><img loading=\"lazy\" decoding=\"async\" width=\"175\" height=\"77\" data-id=\"122\" src=\"https:\/\/garss.com.br\/wp-content\/uploads\/2020\/03\/sultan.png\" alt=\"\" class=\"wp-image-122\"\/><\/figure>\n\n\n\n<figure class=\"wp-block-image size-large\"><img loading=\"lazy\" decoding=\"async\" width=\"147\" height=\"96\" data-id=\"127\" src=\"https:\/\/garss.com.br\/wp-content\/uploads\/2020\/03\/brand.png\" alt=\"\" class=\"wp-image-127\"\/><\/figure>\n\n\n\n<figure class=\"wp-block-image size-large\"><img loading=\"lazy\" decoding=\"async\" width=\"310\" height=\"78\" data-id=\"134\" src=\"https:\/\/garss.com.br\/wp-content\/uploads\/2020\/03\/fabril-mascarenhas.png\" alt=\"\" class=\"wp-image-134\" srcset=\"https:\/\/garss.com.br\/wp-content\/uploads\/2020\/03\/fabril-mascarenhas.png 310w, https:\/\/garss.com.br\/wp-content\/uploads\/2020\/03\/fabril-mascarenhas-300x75.png 300w\" sizes=\"auto, (max-width: 310px) 100vw, 310px\" \/><\/figure>\n\n\n\n<figure class=\"wp-block-image size-large\"><img loading=\"lazy\" decoding=\"async\" width=\"200\" height=\"200\" data-id=\"265\" src=\"https:\/\/garss.com.br\/wp-content\/uploads\/2020\/04\/Santher.png\" alt=\"\" class=\"wp-image-265\" srcset=\"https:\/\/garss.com.br\/wp-content\/uploads\/2020\/04\/Santher.png 200w, https:\/\/garss.com.br\/wp-content\/uploads\/2020\/04\/Santher-150x150.png 150w\" sizes=\"auto, (max-width: 200px) 100vw, 200px\" \/><\/figure>\n\n\n\n<figure class=\"wp-block-image size-large\"><img loading=\"lazy\" decoding=\"async\" width=\"253\" height=\"67\" data-id=\"126\" src=\"https:\/\/garss.com.br\/wp-content\/uploads\/2020\/03\/3M.png\" alt=\"\" class=\"wp-image-126\"\/><\/figure>\n\n\n\n<figure class=\"wp-block-image size-large\"><img loading=\"lazy\" decoding=\"async\" width=\"171\" height=\"57\" data-id=\"133\" src=\"https:\/\/garss.com.br\/wp-content\/uploads\/2020\/03\/endutex.png\" alt=\"\" class=\"wp-image-133\"\/><\/figure>\n\n\n\n<figure class=\"wp-block-image size-large\"><img loading=\"lazy\" decoding=\"async\" width=\"122\" height=\"53\" data-id=\"135\" src=\"https:\/\/garss.com.br\/wp-content\/uploads\/2020\/03\/fitesa.png\" alt=\"\" class=\"wp-image-135\"\/><\/figure>\n\n\n\n<figure class=\"wp-block-image size-large\"><img loading=\"lazy\" decoding=\"async\" width=\"147\" height=\"61\" data-id=\"125\" src=\"https:\/\/garss.com.br\/wp-content\/uploads\/2020\/03\/wavin.png\" alt=\"\" class=\"wp-image-125\"\/><\/figure>\n\n\n\n<figure class=\"wp-block-image size-large\"><img loading=\"lazy\" decoding=\"async\" width=\"168\" height=\"60\" data-id=\"138\" src=\"https:\/\/garss.com.br\/wp-content\/uploads\/2020\/03\/ober.png\" alt=\"\" class=\"wp-image-138\"\/><\/figure>\n\n\n\n<figure class=\"wp-block-image size-large\"><img loading=\"lazy\" decoding=\"async\" width=\"53\" height=\"51\" data-id=\"139\" src=\"https:\/\/garss.com.br\/wp-content\/uploads\/2020\/03\/owens-corning.png\" alt=\"\" class=\"wp-image-139\"\/><\/figure>\n\n\n\n<figure class=\"wp-block-image size-large\"><img loading=\"lazy\" decoding=\"async\" width=\"269\" height=\"185\" data-id=\"226\" src=\"https:\/\/garss.com.br\/wp-content\/uploads\/2020\/04\/FORMICA-FORMILINE.png\" alt=\"\" class=\"wp-image-226\"\/><\/figure>\n\n\n\n<figure class=\"wp-block-image size-large\"><img loading=\"lazy\" decoding=\"async\" width=\"819\" height=\"460\" data-id=\"221\" src=\"https:\/\/garss.com.br\/wp-content\/uploads\/2020\/04\/SUECO-1.png\" alt=\"\" class=\"wp-image-221\" srcset=\"https:\/\/garss.com.br\/wp-content\/uploads\/2020\/04\/SUECO-1.png 819w, https:\/\/garss.com.br\/wp-content\/uploads\/2020\/04\/SUECO-1-300x168.png 300w, https:\/\/garss.com.br\/wp-content\/uploads\/2020\/04\/SUECO-1-768x431.png 768w, https:\/\/garss.com.br\/wp-content\/uploads\/2020\/04\/SUECO-1-360x202.png 360w\" sizes=\"auto, (max-width: 819px) 100vw, 819px\" \/><\/figure>\n\n\n\n<figure class=\"wp-block-image size-large\"><img loading=\"lazy\" decoding=\"async\" width=\"160\" height=\"129\" data-id=\"124\" src=\"https:\/\/garss.com.br\/wp-content\/uploads\/2020\/03\/vingi.png\" alt=\"\" class=\"wp-image-124\"\/><\/figure>\n\n\n\n<figure class=\"wp-block-image size-large\"><img loading=\"lazy\" decoding=\"async\" width=\"169\" height=\"81\" data-id=\"119\" src=\"https:\/\/garss.com.br\/wp-content\/uploads\/2020\/03\/rosset.png\" alt=\"\" class=\"wp-image-119\"\/><\/figure>\n\n\n\n<figure class=\"wp-block-image size-large\"><img loading=\"lazy\" decoding=\"async\" width=\"224\" height=\"120\" data-id=\"272\" src=\"https:\/\/garss.com.br\/wp-content\/uploads\/2020\/04\/Estamparia-Salete.jpg\" alt=\"\" class=\"wp-image-272\"\/><\/figure>\n\n\n\n<figure class=\"wp-block-image size-large\"><img loading=\"lazy\" decoding=\"async\" width=\"301\" height=\"142\" data-id=\"132\" src=\"https:\/\/garss.com.br\/wp-content\/uploads\/2020\/03\/doptex.png\" alt=\"\" class=\"wp-image-132\"\/><\/figure>\n\n\n\n<figure class=\"wp-block-image size-large\"><img loading=\"lazy\" decoding=\"async\" width=\"177\" height=\"139\" data-id=\"144\" src=\"https:\/\/garss.com.br\/wp-content\/uploads\/2020\/03\/logotipo-branyl-1.png\" alt=\"\" class=\"wp-image-144\"\/><\/figure>\n\n\n\n<figure class=\"wp-block-image size-large\"><img loading=\"lazy\" decoding=\"async\" width=\"126\" height=\"138\" data-id=\"136\" src=\"https:\/\/garss.com.br\/wp-content\/uploads\/2020\/03\/hudtelfa.png\" alt=\"\" class=\"wp-image-136\"\/><\/figure>\n\n\n\n<figure class=\"wp-block-image size-large\"><img loading=\"lazy\" decoding=\"async\" width=\"289\" height=\"176\" data-id=\"252\" src=\"https:\/\/garss.com.br\/wp-content\/uploads\/2020\/04\/ALPINA-T\u00eaxtil.png\" alt=\"\" class=\"wp-image-252\"\/><\/figure>\n\n\n\n<figure class=\"wp-block-image size-large\"><img loading=\"lazy\" decoding=\"async\" width=\"413\" height=\"115\" data-id=\"255\" src=\"https:\/\/garss.com.br\/wp-content\/uploads\/2020\/04\/Le\u00e3o-Jetex.png\" alt=\"\" class=\"wp-image-255\" srcset=\"https:\/\/garss.com.br\/wp-content\/uploads\/2020\/04\/Le\u00e3o-Jetex.png 413w, https:\/\/garss.com.br\/wp-content\/uploads\/2020\/04\/Le\u00e3o-Jetex-300x84.png 300w, https:\/\/garss.com.br\/wp-content\/uploads\/2020\/04\/Le\u00e3o-Jetex-360x100.png 360w\" sizes=\"auto, (max-width: 413px) 100vw, 413px\" \/><\/figure>\n\n\n\n<figure class=\"wp-block-image size-large\"><img loading=\"lazy\" decoding=\"async\" width=\"113\" height=\"60\" data-id=\"131\" src=\"https:\/\/garss.com.br\/wp-content\/uploads\/2020\/03\/coteminas.png\" alt=\"\" class=\"wp-image-131\"\/><\/figure>\n\n\n\n<figure class=\"wp-block-image size-large\"><img loading=\"lazy\" decoding=\"async\" width=\"263\" height=\"73\" data-id=\"267\" src=\"https:\/\/garss.com.br\/wp-content\/uploads\/2020\/04\/Teka.png\" alt=\"\" class=\"wp-image-267\"\/><\/figure>\n\n\n\n<figure class=\"wp-block-image size-large\"><img loading=\"lazy\" decoding=\"async\" width=\"473\" height=\"217\" data-id=\"223\" src=\"https:\/\/garss.com.br\/wp-content\/uploads\/2020\/04\/SAGE.png\" alt=\"\" class=\"wp-image-223\" srcset=\"https:\/\/garss.com.br\/wp-content\/uploads\/2020\/04\/SAGE.png 473w, https:\/\/garss.com.br\/wp-content\/uploads\/2020\/04\/SAGE-300x138.png 300w, https:\/\/garss.com.br\/wp-content\/uploads\/2020\/04\/SAGE-360x165.png 360w\" sizes=\"auto, (max-width: 473px) 100vw, 473px\" \/><\/figure>\n\n\n\n<figure class=\"wp-block-image size-large\"><img loading=\"lazy\" decoding=\"async\" width=\"167\" height=\"76\" data-id=\"263\" src=\"https:\/\/garss.com.br\/wp-content\/uploads\/2020\/04\/Adient.png\" alt=\"\" class=\"wp-image-263\"\/><\/figure>\n\n\n\n<figure class=\"wp-block-image size-large\"><img loading=\"lazy\" decoding=\"async\" width=\"157\" height=\"82\" data-id=\"121\" src=\"https:\/\/garss.com.br\/wp-content\/uploads\/2020\/03\/santista.png\" alt=\"\" class=\"wp-image-121\"\/><\/figure>\n\n\n\n<figure class=\"wp-block-image size-large\"><img loading=\"lazy\" decoding=\"async\" width=\"155\" height=\"82\" data-id=\"123\" src=\"https:\/\/garss.com.br\/wp-content\/uploads\/2020\/03\/vicunha.png\" alt=\"\" class=\"wp-image-123\"\/><\/figure>\n\n\n\n<figure class=\"wp-block-image size-large\"><img loading=\"lazy\" decoding=\"async\" width=\"201\" height=\"93\" data-id=\"120\" src=\"https:\/\/garss.com.br\/wp-content\/uploads\/2020\/03\/santanense.png\" alt=\"\" class=\"wp-image-120\"\/><\/figure>\n\n\n\n<figure class=\"wp-block-image size-large\"><img loading=\"lazy\" decoding=\"async\" width=\"500\" height=\"503\" data-id=\"276\" src=\"https:\/\/garss.com.br\/wp-content\/uploads\/2020\/04\/Masala.png\" alt=\"\" class=\"wp-image-276\" srcset=\"https:\/\/garss.com.br\/wp-content\/uploads\/2020\/04\/Masala.png 500w, https:\/\/garss.com.br\/wp-content\/uploads\/2020\/04\/Masala-298x300.png 298w, https:\/\/garss.com.br\/wp-content\/uploads\/2020\/04\/Masala-150x150.png 150w, https:\/\/garss.com.br\/wp-content\/uploads\/2020\/04\/Masala-268x270.png 268w\" sizes=\"auto, (max-width: 500px) 100vw, 500px\" \/><\/figure>\n\n\n\n<figure class=\"wp-block-image size-full\"><img loading=\"lazy\" decoding=\"async\" width=\"189\" height=\"88\" data-id=\"445\" src=\"https:\/\/garss.com.br\/wp-content\/uploads\/2022\/07\/ITM-1.png\" alt=\"\" class=\"wp-image-445\"\/><\/figure>\n\n\n\n<figure class=\"wp-block-image size-large\"><img loading=\"lazy\" decoding=\"async\" width=\"300\" height=\"74\" data-id=\"441\" src=\"https:\/\/garss.com.br\/wp-content\/uploads\/2022\/07\/Colacril-1.png\" alt=\"\" class=\"wp-image-441\"\/><\/figure>\n\n\n\n<figure class=\"wp-block-image size-large\"><img loading=\"lazy\" decoding=\"async\" width=\"1024\" height=\"390\" data-id=\"442\" src=\"https:\/\/garss.com.br\/wp-content\/uploads\/2022\/07\/fibertex-07202-1024x390.png\" alt=\"\" class=\"wp-image-442\" srcset=\"https:\/\/garss.com.br\/wp-content\/uploads\/2022\/07\/fibertex-07202-1024x390.png 1024w, https:\/\/garss.com.br\/wp-content\/uploads\/2022\/07\/fibertex-07202-300x114.png 300w, https:\/\/garss.com.br\/wp-content\/uploads\/2022\/07\/fibertex-07202-768x293.png 768w, https:\/\/garss.com.br\/wp-content\/uploads\/2022\/07\/fibertex-07202-360x137.png 360w, https:\/\/garss.com.br\/wp-content\/uploads\/2022\/07\/fibertex-07202.png 1218w\" sizes=\"auto, (max-width: 1024px) 100vw, 1024px\" \/><\/figure>\n\n\n\n<figure class=\"wp-block-image size-large\"><img loading=\"lazy\" decoding=\"async\" width=\"344\" height=\"93\" data-id=\"446\" src=\"https:\/\/garss.com.br\/wp-content\/uploads\/2022\/07\/werner.png\" alt=\"\" class=\"wp-image-446\" srcset=\"https:\/\/garss.com.br\/wp-content\/uploads\/2022\/07\/werner.png 344w, https:\/\/garss.com.br\/wp-content\/uploads\/2022\/07\/werner-300x81.png 300w\" sizes=\"auto, (max-width: 344px) 100vw, 344px\" \/><\/figure>\n\n\n\n<figure class=\"wp-block-image size-full\"><img loading=\"lazy\" decoding=\"async\" width=\"160\" height=\"150\" data-id=\"458\" src=\"https:\/\/garss.com.br\/wp-content\/uploads\/2022\/07\/Fabril-Scavone-1.jpg\" alt=\"\" class=\"wp-image-458\"\/><\/figure>\n\n\n\n<figure class=\"wp-block-image size-full\"><img loading=\"lazy\" decoding=\"async\" width=\"268\" height=\"73\" data-id=\"454\" src=\"https:\/\/garss.com.br\/wp-content\/uploads\/2022\/07\/FIAMA.png\" alt=\"\" class=\"wp-image-454\"\/><\/figure>\n\n\n\n<figure class=\"wp-block-image size-full\"><img loading=\"lazy\" decoding=\"async\" width=\"320\" height=\"124\" data-id=\"455\" src=\"https:\/\/garss.com.br\/wp-content\/uploads\/2022\/07\/lencos-presidente.png\" alt=\"\" class=\"wp-image-455\" srcset=\"https:\/\/garss.com.br\/wp-content\/uploads\/2022\/07\/lencos-presidente.png 320w, https:\/\/garss.com.br\/wp-content\/uploads\/2022\/07\/lencos-presidente-300x116.png 300w\" sizes=\"auto, (max-width: 320px) 100vw, 320px\" \/><\/figure>\n\n\n\n<figure class=\"wp-block-image size-full\"><img loading=\"lazy\" decoding=\"async\" width=\"300\" height=\"65\" data-id=\"460\" src=\"https:\/\/garss.com.br\/wp-content\/uploads\/2022\/07\/Logo_Cataguases_web2-1.png\" alt=\"\" class=\"wp-image-460\"\/><\/figure>\n\n\n\n<figure class=\"wp-block-image size-full\"><img loading=\"lazy\" decoding=\"async\" width=\"160\" height=\"150\" data-id=\"473\" src=\"https:\/\/garss.com.br\/wp-content\/uploads\/2022\/07\/Modelo-3.png\" alt=\"\" class=\"wp-image-473\"\/><\/figure>\n\n\n\n<figure class=\"wp-block-image size-full\"><img loading=\"lazy\" decoding=\"async\" width=\"160\" height=\"150\" data-id=\"469\" src=\"https:\/\/garss.com.br\/wp-content\/uploads\/2022\/07\/Modelo.png\" alt=\"\" class=\"wp-image-469\"\/><\/figure>\n\n\n\n<figure class=\"wp-block-image size-full\"><img loading=\"lazy\" decoding=\"async\" width=\"583\" height=\"201\" data-id=\"479\" src=\"https:\/\/garss.com.br\/wp-content\/uploads\/2022\/07\/CIT-1.png\" alt=\"\" class=\"wp-image-479\" srcset=\"https:\/\/garss.com.br\/wp-content\/uploads\/2022\/07\/CIT-1.png 583w, https:\/\/garss.com.br\/wp-content\/uploads\/2022\/07\/CIT-1-300x103.png 300w, https:\/\/garss.com.br\/wp-content\/uploads\/2022\/07\/CIT-1-360x124.png 360w\" sizes=\"auto, (max-width: 583px) 100vw, 583px\" \/><\/figure>\n\n\n\n<figure class=\"wp-block-image size-full\"><img loading=\"lazy\" decoding=\"async\" width=\"239\" height=\"85\" data-id=\"475\" src=\"https:\/\/garss.com.br\/wp-content\/uploads\/2022\/07\/Sem-titulo-8.jpg\" alt=\"\" class=\"wp-image-475\"\/><\/figure>\n<\/figure>\n<\/div><\/div>\n\n\n\n<div class=\"wp-block-group\"><div class=\"wp-block-group__inner-container is-layout-flow wp-block-group-is-layout-flow\"><\/div><\/div>\n<\/div><\/div>\n","protected":false},"excerpt":{"rendered":"<p>T\u00eaxteis, NonWoven, Recobrimento, Pap\u00e9is, Laminados e Filmes Pl\u00e1sticos<\/p>\n","protected":false},"author":1,"featured_media":0,"parent":0,"menu_order":0,"comment_status":"closed","ping_status":"closed","template":"","meta":{"footnotes":""},"class_list":["post-14","page","type-page","status-publish","hentry"],"_links":{"self":[{"href":"https:\/\/garss.com.br\/index.php?rest_route=\/wp\/v2\/pages\/14","targetHints":{"allow":["GET"]}}],"collection":[{"href":"https:\/\/garss.com.br\/index.php?rest_route=\/wp\/v2\/pages"}],"about":[{"href":"https:\/\/garss.com.br\/index.php?rest_route=\/wp\/v2\/types\/page"}],"author":[{"embeddable":true,"href":"https:\/\/garss.com.br\/index.php?rest_route=\/wp\/v2\/users\/1"}],"replies":[{"embeddable":true,"href":"https:\/\/garss.com.br\/index.php?rest_route=%2Fwp%2Fv2%2Fcomments&post=14"}],"version-history":[{"count":53,"href":"https:\/\/garss.com.br\/index.php?rest_route=\/wp\/v2\/pages\/14\/revisions"}],"predecessor-version":[{"id":480,"href":"https:\/\/garss.com.br\/index.php?rest_route=\/wp\/v2\/pages\/14\/revisions\/480"}],"wp:attachment":[{"href":"https:\/\/garss.com.br\/index.php?rest_route=%2Fwp%2Fv2%2Fmedia&parent=14"}],"curies":[{"name":"wp","href":"https:\/\/api.w.org\/{rel}","templated":true}]}}